{"id":151,"date":"2025-03-15T23:26:50","date_gmt":"2025-03-15T22:26:50","guid":{"rendered":"https:\/\/abstraltek.com\/?post_type=product&#038;p=151"},"modified":"2026-04-11T19:41:29","modified_gmt":"2026-04-11T17:41:29","slug":"pendientes-viento-solar-3d","status":"publish","type":"product","link":"https:\/\/abstraltek.com\/?product=pendientes-viento-solar-3d","title":{"rendered":"Pendientes Viento Solar 3D"},"content":{"rendered":"<p>Inspirado en el viento solar, este dise\u00f1o es \u00fanico y din\u00e1mico.<\/p>\n","protected":false},"excerpt":{"rendered":"<p>Inspirado en el viento solar, este dise\u00f1o es \u00fanico y din\u00e1mico.<\/p>\n","protected":false},"featured_media":66,"comment_status":"open","ping_status":"closed","template":"","meta":[],"product_brand":[27],"product_cat":[16],"product_tag":[19,18,21,17,20],"class_list":{"0":"post-151","1":"product","2":"type-product","3":"status-publish","4":"has-post-thumbnail","6":"product_brand-golden-drift","7":"product_cat-pendientes-3d","8":"product_tag-impresion-3d","9":"product_tag-joyeria-3d","10":"product_tag-moda","11":"product_tag-pendientes","12":"product_tag-resina","14":"first","15":"instock","16":"sale","17":"taxable","18":"shipping-taxable","19":"purchasable","20":"product-type-simple"},"aioseo_notices":[],"_links":{"self":[{"href":"https:\/\/abstraltek.com\/index.php?rest_route=\/wp\/v2\/product\/151","targetHints":{"allow":["GET"]}}],"collection":[{"href":"https:\/\/abstraltek.com\/index.php?rest_route=\/wp\/v2\/product"}],"about":[{"href":"https:\/\/abstraltek.com\/index.php?rest_route=\/wp\/v2\/types\/product"}],"replies":[{"embeddable":true,"href":"https:\/\/abstraltek.com\/index.php?rest_route=%2Fwp%2Fv2%2Fcomments&post=151"}],"wp:featuredmedia":[{"embeddable":true,"href":"https:\/\/abstraltek.com\/index.php?rest_route=\/wp\/v2\/media\/66"}],"wp:attachment":[{"href":"https:\/\/abstraltek.com\/index.php?rest_route=%2Fwp%2Fv2%2Fmedia&parent=151"}],"wp:term":[{"taxonomy":"product_brand","embeddable":true,"href":"https:\/\/abstraltek.com\/index.php?rest_route=%2Fwp%2Fv2%2Fproduct_brand&post=151"},{"taxonomy":"product_cat","embeddable":true,"href":"https:\/\/abstraltek.com\/index.php?rest_route=%2Fwp%2Fv2%2Fproduct_cat&post=151"},{"taxonomy":"product_tag","embeddable":true,"href":"https:\/\/abstraltek.com\/index.php?rest_route=%2Fwp%2Fv2%2Fproduct_tag&post=151"}],"curies":[{"name":"wp","href":"https:\/\/api.w.org\/{rel}","templated":true}]}}